{"id":29142,"date":"2026-02-12T12:52:02","date_gmt":"2026-02-12T11:52:02","guid":{"rendered":"https:\/\/rolnik.dkonto.pl\/?post_type=product&#038;p=29142"},"modified":"2026-02-12T13:41:49","modified_gmt":"2026-02-12T12:41:49","slug":"poidlo-zeliwne-dla-zwierzat-gospodarskich","status":"publish","type":"product","link":"https:\/\/rolnik.dkonto.pl\/index.php\/produkt\/poidlo-zeliwne-dla-zwierzat-gospodarskich\/","title":{"rendered":"Poid\u0142o \u017celiwne dla zwierz\u0105t gospodarskich"},"content":{"rendered":"<div class=\"flex flex-col text-sm pb-25\">\n<article class=\"text-token-text-primary w-full focus:outline-none [--shadow-height:45px] has-data-writing-block:pointer-events-none has-data-writing-block:-mt-(--shadow-height) has-data-writing-block:pt-(--shadow-height) [&amp;:has([data-writing-block])&gt;*]:pointer-events-auto scroll-mt-[calc(var(--header-height)+min(200px,max(70px,20svh)))]\" dir=\"auto\" tabindex=\"-1\" data-turn-id=\"d35aebdb-077b-4973-a51f-40358d42b14d\" data-testid=\"conversation-turn-4\" data-scroll-anchor=\"true\" data-turn=\"assistant\">\n<div class=\"text-base my-auto mx-auto pb-10 [--thread-content-margin:--spacing(4)] @w-sm\/main:[--thread-content-margin:--spacing(6)] @w-lg\/main:[--thread-content-margin:--spacing(16)] px-(--thread-content-margin)\">\n<div class=\"[--thread-content-max-width:40rem] @w-lg\/main:[--thread-content-max-width:48rem] mx-auto max-w-(--thread-content-max-width) flex-1 group\/turn-messages focus-visible:outline-hidden relative flex w-full min-w-0 flex-col agent-turn\" tabindex=\"-1\">\n<div class=\"flex max-w-full flex-col grow\">\n<div class=\"min-h-8 text-message relative flex w-full flex-col items-end gap-2 text-start break-words whitespace-normal [.text-message+&amp;]:mt-1\" dir=\"auto\" data-message-author-role=\"assistant\" data-message-id=\"7142522e-94ee-4fc7-b392-aeed595d70a7\" data-message-model-slug=\"gpt-5-2\">\n<div class=\"flex w-full flex-col gap-1 empty:hidden first:pt-[1px]\">\n<div class=\"markdown prose dark:prose-invert w-full wrap-break-word light markdown-new-styling\">\n<p data-start=\"106\" data-end=\"365\"><strong data-start=\"106\" data-end=\"142\">Poid\u0142o \u017celiwne dla zwierz\u0105t<\/strong>\u00a0to wyj\u0105tkowo trwa\u0142e i odporne rozwi\u0105zanie przeznaczone do sta\u0142ego dost\u0119pu zwierz\u0105t do \u015bwie\u017cej wody. Wykonane z masywnego \u017celiwa, sprawdza si\u0119 w intensywnie u\u017cytkowanych oborach, chlewniach oraz na wybiegach zewn\u0119trznych.<\/p>\n<p data-start=\"367\" data-end=\"492\">To element podstawowego <strong data-start=\"391\" data-end=\"412\">wyposa\u017cenia obory<\/strong>, niezb\u0119dny w profesjonalnym systemie <strong data-start=\"450\" data-end=\"469\">karmienia byd\u0142a<\/strong> i utrzymania zwierz\u0105t.<\/p>\n<hr data-start=\"494\" data-end=\"497\" \/>\n<h3 data-start=\"499\" data-end=\"518\">Do czego s\u0142u\u017cy?<\/h3>\n<p data-start=\"520\" data-end=\"548\">Poid\u0142o przeznaczone jest do:<\/p>\n<ul data-start=\"550\" data-end=\"742\">\n<li data-start=\"550\" data-end=\"600\">\n<p data-start=\"552\" data-end=\"600\">zapewnienia sta\u0142ego dost\u0119pu do wody dla byd\u0142a,<\/p>\n<\/li>\n<li data-start=\"601\" data-end=\"633\">\n<p data-start=\"603\" data-end=\"633\">obs\u0142ugi stad opas\u00f3w i byk\u00f3w,<\/p>\n<\/li>\n<li data-start=\"634\" data-end=\"696\">\n<p data-start=\"636\" data-end=\"696\">monta\u017cu w oborach, stajniach oraz budynkach inwentarskich,<\/p>\n<\/li>\n<li data-start=\"697\" data-end=\"742\">\n<p data-start=\"699\" data-end=\"742\">pracy w warunkach intensywnej eksploatacji.<\/p>\n<\/li>\n<\/ul>\n<p data-start=\"744\" data-end=\"1049\">W przypadku produkcji nastawionej na <strong data-start=\"781\" data-end=\"808\">\u017cywienie byd\u0142a mi\u0119snego<\/strong> oraz <strong data-start=\"814\" data-end=\"833\">\u017cywienie opas\u00f3w<\/strong>, dost\u0119p do \u015bwie\u017cej wody ma kluczowe znaczenie dla przyrost\u00f3w masy cia\u0142a i og\u00f3lnej kondycji zwierz\u0105t. Bez odpowiedniego nawodnienia nawet najlepsze <strong data-start=\"981\" data-end=\"1000\">pasze dla byd\u0142a<\/strong> nie zapewni\u0105 oczekiwanych wynik\u00f3w produkcyjnych.<\/p>\n<hr data-start=\"1051\" data-end=\"1054\" \/>\n<h3 data-start=\"1056\" data-end=\"1097\">Najwa\u017cniejsze zalety poid\u0142a \u017celiwnego<\/h3>\n<p data-start=\"1099\" data-end=\"1249\"><strong data-start=\"1099\" data-end=\"1124\">1. Wyj\u0105tkowa trwa\u0142o\u015b\u0107<\/strong><br data-start=\"1124\" data-end=\"1127\" \/>\u017beliwo jest materia\u0142em odpornym na uszkodzenia mechaniczne, uderzenia oraz intensywne u\u017cytkowanie przez ci\u0119\u017ckie zwierz\u0119ta.<\/p>\n<p data-start=\"1251\" data-end=\"1366\"><strong data-start=\"1251\" data-end=\"1292\">2. Odporno\u015b\u0107 na warunki atmosferyczne<\/strong><br data-start=\"1292\" data-end=\"1295\" \/>Poid\u0142o mo\u017ce by\u0107 stosowane zar\u00f3wno wewn\u0105trz budynk\u00f3w, jak i na zewn\u0105trz.<\/p>\n<p data-start=\"1368\" data-end=\"1458\"><strong data-start=\"1368\" data-end=\"1397\">3. Stabilno\u015b\u0107 konstrukcji<\/strong><br data-start=\"1397\" data-end=\"1400\" \/>Solidna misa ogranicza ryzyko przewr\u00f3cenia czy deformacji.<\/p>\n<p data-start=\"1460\" data-end=\"1570\"><strong data-start=\"1460\" data-end=\"1496\">4. Higiena i \u0142atwo\u015b\u0107 czyszczenia<\/strong><br data-start=\"1496\" data-end=\"1499\" \/>G\u0142adka powierzchnia umo\u017cliwia szybkie usuwanie zanieczyszcze\u0144 i osad\u00f3w.<\/p>\n<hr data-start=\"1572\" data-end=\"1575\" \/>\n<h3 data-start=\"1577\" data-end=\"1616\">Znaczenie w systemie \u017cywienia byd\u0142a<\/h3>\n<p data-start=\"1618\" data-end=\"1720\">W praktyce hodowlanej poid\u0142a dla byd\u0142a s\u0105 r\u00f3wnie istotne jak karmniki dla byd\u0142a. W\u0142a\u015bciwe nawodnienie:<\/p>\n<ul data-start=\"1722\" data-end=\"1881\">\n<li data-start=\"1722\" data-end=\"1772\">\n<p data-start=\"1724\" data-end=\"1772\">wspiera efektywne <strong data-start=\"1742\" data-end=\"1769\">\u017cywienie na sucho byd\u0142a<\/strong>,<\/p>\n<\/li>\n<li data-start=\"1773\" data-end=\"1803\">\n<p data-start=\"1775\" data-end=\"1803\">poprawia pobieranie paszy,<\/p>\n<\/li>\n<li data-start=\"1804\" data-end=\"1839\">\n<p data-start=\"1806\" data-end=\"1839\">zwi\u0119ksza wydajno\u015b\u0107 produkcyjn\u0105,<\/p>\n<\/li>\n<li data-start=\"1840\" data-end=\"1881\">\n<p data-start=\"1842\" data-end=\"1881\">ogranicza ryzyko problem\u00f3w zdrowotnych.<\/p>\n<\/li>\n<\/ul>\n<p data-start=\"1883\" data-end=\"2070\">W intensywnej hodowli, gdzie stosuje si\u0119 wysokiej jako\u015bci <strong data-start=\"1941\" data-end=\"1961\">pasze dla opas\u00f3w<\/strong> czy <strong data-start=\"1966\" data-end=\"1985\">pasze dla byk\u00f3w<\/strong>, dost\u0119p do czystej wody bezpo\u015brednio wp\u0142ywa na wykorzystanie sk\u0142adnik\u00f3w pokarmowych.<\/p>\n<hr data-start=\"2072\" data-end=\"2075\" \/>\n<h3 data-start=\"2077\" data-end=\"2116\">Dla kogo przeznaczony jest produkt?<\/h3>\n<ul data-start=\"2118\" data-end=\"2364\">\n<li data-start=\"2118\" data-end=\"2151\">\n<p data-start=\"2120\" data-end=\"2151\">dla hodowc\u00f3w byd\u0142a mlecznego,<\/p>\n<\/li>\n<li data-start=\"2152\" data-end=\"2187\">\n<p data-start=\"2154\" data-end=\"2187\">dla producent\u00f3w byd\u0142a mi\u0119snego,<\/p>\n<\/li>\n<li data-start=\"2188\" data-end=\"2237\">\n<p data-start=\"2190\" data-end=\"2237\">dla gospodarstw prowadz\u0105cych \u017cywienie opas\u00f3w,<\/p>\n<\/li>\n<li data-start=\"2238\" data-end=\"2299\">\n<p data-start=\"2240\" data-end=\"2299\">dla rolnik\u00f3w modernizuj\u0105cych <strong data-start=\"2269\" data-end=\"2296\">sprz\u0119t do hodowli byd\u0142a<\/strong>,<\/p>\n<\/li>\n<li data-start=\"2300\" data-end=\"2364\">\n<p data-start=\"2302\" data-end=\"2364\">dla obiekt\u00f3w, gdzie liczy si\u0119 maksymalna trwa\u0142o\u015b\u0107 wyposa\u017cenia.<\/p>\n<\/li>\n<\/ul>\n<hr data-start=\"2366\" data-end=\"2369\" \/>\n<h3 data-start=\"2371\" data-end=\"2404\">Parametry techniczne (og\u00f3lne)<\/h3>\n<ul data-start=\"2406\" data-end=\"2574\">\n<li data-start=\"2406\" data-end=\"2438\">\n<p data-start=\"2408\" data-end=\"2438\">materia\u0142: \u017celiwo (pik d\u00f6k\u00fcm)<\/p>\n<\/li>\n<li data-start=\"2439\" data-end=\"2461\">\n<p data-start=\"2441\" data-end=\"2461\">typ: poid\u0142o misowe<\/p>\n<\/li>\n<li data-start=\"2462\" data-end=\"2481\">\n<p data-start=\"2464\" data-end=\"2481\">monta\u017c: \u015bcienny<\/p>\n<\/li>\n<li data-start=\"2482\" data-end=\"2519\">\n<p data-start=\"2484\" data-end=\"2519\">przeznaczenie: byd\u0142o, opasy, byki<\/p>\n<\/li>\n<li data-start=\"2520\" data-end=\"2574\">\n<p data-start=\"2522\" data-end=\"2574\">zastosowanie: obory, budynki inwentarskie, wybiegi<\/p>\n<\/li>\n<\/ul>\n<p data-start=\"2576\" data-end=\"2673\"><em data-start=\"2576\" data-end=\"2673\">(Szczeg\u00f3\u0142owe wymiary, waga oraz system pod\u0142\u0105czenia wody zale\u017c\u0105 od konkretnego wariantu modelu.)<\/em><\/p>\n<hr data-start=\"2675\" data-end=\"2678\" \/>\n<h3 data-start=\"2680\" data-end=\"2696\">Podsumowanie<\/h3>\n<p data-start=\"2698\" data-end=\"2912\">\u017beliwne poid\u0142o to inwestycja w trwa\u0142o\u015b\u0107 i niezawodno\u015b\u0107. W profesjonalnym gospodarstwie, gdzie kluczowe znaczenie ma prawid\u0142owe <strong data-start=\"2825\" data-end=\"2843\">\u017cywienie byd\u0142a<\/strong>, odpowiedni system pojenia stanowi fundament efektywnej produkcji.<\/p>\n<p data-start=\"2914\" data-end=\"3095\" data-is-last-node=\"\" data-is-only-node=\"\">Obok takich element\u00f3w jak karmniki dla byd\u0142a, legowiska dla byd\u0142a czy wagi dla byd\u0142a, solidne poid\u0142a dla kr\u00f3w s\u0105 podstaw\u0105 nowoczesnego i dobrze zorganizowanego zaplecza hodowlanego.<\/p>\n<\/div>\n<\/div>\n<\/div>\n<\/div>\n<div class=\"z-0 flex min-h-[46px] justify-start\"><\/div>\n<div class=\"mt-3 w-full empty:hidden\">\n<div class=\"text-center\"><\/div>\n<\/div>\n<\/div>\n<\/div>\n<\/article>\n<\/div>\n<div class=\"pointer-events-none h-px w-px absolute bottom-0\" aria-hidden=\"true\" data-edge=\"true\"><\/div>\n","protected":false},"excerpt":{"rendered":"<p>Poid\u0142o \u017celiwne dla zwierz\u0105t\u00a0to wyj\u0105tkowo trwa\u0142e i odporne rozwi\u0105zanie przeznaczone do sta\u0142ego dost\u0119pu zwierz\u0105t do \u015bwie\u017cej wody. Wykonane z masywnego<\/p>\n","protected":false},"featured_media":29145,"comment_status":"open","ping_status":"closed","template":"","meta":[],"product_brand":[],"product_cat":[74],"product_tag":[],"class_list":{"0":"post-29142","1":"product","2":"type-product","3":"status-publish","4":"has-post-thumbnail","6":"product_cat-poidla-dla-zwierzat","8":"first","9":"instock","10":"shipping-taxable","11":"purchasable","12":"product-type-simple"},"_links":{"self":[{"href":"https:\/\/rolnik.dkonto.pl\/index.php\/wp-json\/wp\/v2\/product\/29142","targetHints":{"allow":["GET"]}}],"collection":[{"href":"https:\/\/rolnik.dkonto.pl\/index.php\/wp-json\/wp\/v2\/product"}],"about":[{"href":"https:\/\/rolnik.dkonto.pl\/index.php\/wp-json\/wp\/v2\/types\/product"}],"replies":[{"embeddable":true,"href":"https:\/\/rolnik.dkonto.pl\/index.php\/wp-json\/wp\/v2\/comments?post=29142"}],"version-history":[{"count":2,"href":"https:\/\/rolnik.dkonto.pl\/index.php\/wp-json\/wp\/v2\/product\/29142\/revisions"}],"predecessor-version":[{"id":29150,"href":"https:\/\/rolnik.dkonto.pl\/index.php\/wp-json\/wp\/v2\/product\/29142\/revisions\/29150"}],"wp:featuredmedia":[{"embeddable":true,"href":"https:\/\/rolnik.dkonto.pl\/index.php\/wp-json\/wp\/v2\/media\/29145"}],"wp:attachment":[{"href":"https:\/\/rolnik.dkonto.pl\/index.php\/wp-json\/wp\/v2\/media?parent=29142"}],"wp:term":[{"taxonomy":"product_brand","embeddable":true,"href":"https:\/\/rolnik.dkonto.pl\/index.php\/wp-json\/wp\/v2\/product_brand?post=29142"},{"taxonomy":"product_cat","embeddable":true,"href":"https:\/\/rolnik.dkonto.pl\/index.php\/wp-json\/wp\/v2\/product_cat?post=29142"},{"taxonomy":"product_tag","embeddable":true,"href":"https:\/\/rolnik.dkonto.pl\/index.php\/wp-json\/wp\/v2\/product_tag?post=29142"}],"curies":[{"name":"wp","href":"https:\/\/api.w.org\/{rel}","templated":true}]}}