{"id":29179,"date":"2026-02-12T19:01:13","date_gmt":"2026-02-12T18:01:13","guid":{"rendered":"https:\/\/rolnik.dkonto.pl\/?post_type=product&#038;p=29179"},"modified":"2026-02-12T19:01:40","modified_gmt":"2026-02-12T18:01:40","slug":"legowisko-dla-bydla","status":"publish","type":"product","link":"https:\/\/rolnik.dkonto.pl\/index.php\/produkt\/legowisko-dla-bydla\/","title":{"rendered":"Legowisko dla byd\u0142a"},"content":{"rendered":"<h2>Legowisko dla byd\u0142a<\/h2>\n<p data-start=\"82\" data-end=\"312\">Specjalistyczna mata przeznaczona do stanowisk legowiskowych w oborach. Produkt poprawia komfort odpoczynku zwierz\u0105t, ogranicza ryzyko uraz\u00f3w oraz wp\u0142ywa na wydajno\u015b\u0107 produkcyjn\u0105 stada.<\/p>\n<p data-start=\"314\" data-end=\"486\">To jeden z kluczowych element\u00f3w nowoczesnego <strong data-start=\"359\" data-end=\"380\">wyposa\u017cenia obory<\/strong>, szczeg\u00f3lnie w gospodarstwach prowadz\u0105cych intensywne <strong data-start=\"435\" data-end=\"462\">\u017cywienie byd\u0142a mi\u0119snego<\/strong> oraz produkcj\u0119 mleczn\u0105.<\/p>\n<hr data-start=\"488\" data-end=\"491\" \/>\n<h3 data-start=\"493\" data-end=\"522\">Do czego s\u0142u\u017cy legowisko?<\/h3>\n<p data-start=\"524\" data-end=\"593\">Legowisko montowane jest w stanowiskach dla kr\u00f3w i opas\u00f3w i s\u0142u\u017cy do:<\/p>\n<ul data-start=\"595\" data-end=\"756\">\n<li data-start=\"595\" data-end=\"643\">\n<p data-start=\"597\" data-end=\"643\">zapewnienia komfortowego miejsca odpoczynku,<\/p>\n<\/li>\n<li data-start=\"644\" data-end=\"687\">\n<p data-start=\"646\" data-end=\"687\">ograniczenia nacisku na stawy i racice,<\/p>\n<\/li>\n<li data-start=\"688\" data-end=\"728\">\n<p data-start=\"690\" data-end=\"728\">zmniejszenia ryzyka otar\u0107 i odle\u017cyn,<\/p>\n<\/li>\n<li data-start=\"729\" data-end=\"756\">\n<p data-start=\"731\" data-end=\"756\">poprawy higieny w oborze.<\/p>\n<\/li>\n<\/ul>\n<p data-start=\"758\" data-end=\"893\">Odpowiedni odpoczynek ma bezpo\u015bredni wp\u0142yw na efektywno\u015b\u0107 <strong data-start=\"816\" data-end=\"835\">karmienia byd\u0142a<\/strong> i wykorzystanie sk\u0142adnik\u00f3w pokarmowych zawartych w paszy.<\/p>\n<hr data-start=\"895\" data-end=\"898\" \/>\n<h3 data-start=\"900\" data-end=\"946\">Dlaczego komfort legowiska jest tak wa\u017cny?<\/h3>\n<p data-start=\"948\" data-end=\"1062\">Badania hodowlane pokazuj\u0105, \u017ce krowa powinna odpoczywa\u0107 nawet 12\u201314 godzin dziennie. Komfortowe pod\u0142o\u017ce wp\u0142ywa na:<\/p>\n<ul data-start=\"1064\" data-end=\"1214\">\n<li data-start=\"1064\" data-end=\"1105\">\n<p data-start=\"1066\" data-end=\"1105\">lepsze prze\u017cuwanie i trawienie paszy,<\/p>\n<\/li>\n<li data-start=\"1106\" data-end=\"1133\">\n<p data-start=\"1108\" data-end=\"1133\">wy\u017csz\u0105 produkcj\u0119 mleka,<\/p>\n<\/li>\n<li data-start=\"1134\" data-end=\"1180\">\n<p data-start=\"1136\" data-end=\"1180\">lepsze przyrosty przy <strong data-start=\"1158\" data-end=\"1177\">\u017cywieniu opas\u00f3w<\/strong>,<\/p>\n<\/li>\n<li data-start=\"1181\" data-end=\"1214\">\n<p data-start=\"1183\" data-end=\"1214\">mniejsz\u0105 liczb\u0119 uraz\u00f3w ko\u0144czyn.<\/p>\n<\/li>\n<\/ul>\n<p data-start=\"1216\" data-end=\"1406\">W systemach, gdzie stosowane s\u0105 wysokiej jako\u015bci <strong data-start=\"1265\" data-end=\"1284\">pasze dla byd\u0142a<\/strong>, <strong data-start=\"1286\" data-end=\"1306\">pasze dla opas\u00f3w<\/strong> czy <strong data-start=\"1311\" data-end=\"1330\">pasze dla byk\u00f3w<\/strong>, odpowiednie warunki utrzymania s\u0105 r\u00f3wnie istotne jak sama dawka pokarmowa.<\/p>\n<hr data-start=\"1408\" data-end=\"1411\" \/>\n<h3 data-start=\"1413\" data-end=\"1446\">Najwa\u017cniejsze zalety produktu<\/h3>\n<p data-start=\"1448\" data-end=\"1561\"><strong data-start=\"1448\" data-end=\"1481\">1. Amortyzacja i elastyczno\u015b\u0107<\/strong><br data-start=\"1481\" data-end=\"1484\" \/>Specjalna struktura gumy redukuje nacisk na stawy i poprawia komfort le\u017cenia.<\/p>\n<p data-start=\"1563\" data-end=\"1663\"><strong data-start=\"1563\" data-end=\"1597\">2. Antypo\u015blizgowa powierzchnia<\/strong><br data-start=\"1597\" data-end=\"1600\" \/>Zmniejsza ryzyko po\u015blizgni\u0119\u0107 podczas wstawania i k\u0142adzenia si\u0119.<\/p>\n<p data-start=\"1665\" data-end=\"1779\"><strong data-start=\"1665\" data-end=\"1699\">3. Izolacja od zimnego pod\u0142o\u017ca<\/strong><br data-start=\"1699\" data-end=\"1702\" \/>Chroni zwierz\u0119ta przed wych\u0142odzeniem, szczeg\u00f3lnie w okresie jesienno-zimowym.<\/p>\n<p data-start=\"1781\" data-end=\"1891\"><strong data-start=\"1781\" data-end=\"1808\">4. Trwa\u0142o\u015b\u0107 i odporno\u015b\u0107<\/strong><br data-start=\"1808\" data-end=\"1811\" \/>Wysokiej jako\u015bci materia\u0142 odporny na \u015bcieranie, wilgo\u0107 i intensywne u\u017cytkowanie.<\/p>\n<hr data-start=\"1893\" data-end=\"1896\" \/>\n<h3 data-start=\"1898\" data-end=\"1933\">Znaczenie w nowoczesnej hodowli<\/h3>\n<p data-start=\"1935\" data-end=\"2058\">W profesjonalnych gospodarstwach legowiska dla byd\u0142a s\u0105 standardem, podobnie jak poid\u0142a dla byd\u0142a czy karmniki dla byd\u0142a.<\/p>\n<p data-start=\"2060\" data-end=\"2082\">Komfortowe stanowiska:<\/p>\n<ul data-start=\"2084\" data-end=\"2245\">\n<li data-start=\"2084\" data-end=\"2118\">\n<p data-start=\"2086\" data-end=\"2118\">poprawiaj\u0105 dobrostan zwierz\u0105t,<\/p>\n<\/li>\n<li data-start=\"2119\" data-end=\"2156\">\n<p data-start=\"2121\" data-end=\"2156\">ograniczaj\u0105 koszty weterynaryjne,<\/p>\n<\/li>\n<li data-start=\"2157\" data-end=\"2194\">\n<p data-start=\"2159\" data-end=\"2194\">zwi\u0119kszaj\u0105 wydajno\u015b\u0107 produkcyjn\u0105,<\/p>\n<\/li>\n<li data-start=\"2195\" data-end=\"2245\">\n<p data-start=\"2197\" data-end=\"2245\">wspieraj\u0105 efektywne <strong data-start=\"2217\" data-end=\"2244\">\u017cywienie na sucho byd\u0142a<\/strong>.<\/p>\n<\/li>\n<\/ul>\n<p data-start=\"2247\" data-end=\"2344\">W po\u0142\u0105czeniu z odpowiednim systemem zadawania paszy i pojenia tworz\u0105 kompletny system utrzymania.<\/p>\n<hr data-start=\"2346\" data-end=\"2349\" \/>\n<h3 data-start=\"2351\" data-end=\"2390\">Dla kogo przeznaczony jest produkt?<\/h3>\n<ul data-start=\"2392\" data-end=\"2575\">\n<li data-start=\"2392\" data-end=\"2425\">\n<p data-start=\"2394\" data-end=\"2425\">dla hodowc\u00f3w byd\u0142a mlecznego,<\/p>\n<\/li>\n<li data-start=\"2426\" data-end=\"2461\">\n<p data-start=\"2428\" data-end=\"2461\">dla producent\u00f3w byd\u0142a mi\u0119snego,<\/p>\n<\/li>\n<li data-start=\"2462\" data-end=\"2526\">\n<p data-start=\"2464\" data-end=\"2526\">dla gospodarstw modernizuj\u0105cych <strong data-start=\"2496\" data-end=\"2523\">sprz\u0119t do hodowli byd\u0142a<\/strong>,<\/p>\n<\/li>\n<li data-start=\"2527\" data-end=\"2575\">\n<p data-start=\"2529\" data-end=\"2575\">dla ob\u00f3r wolnostanowiskowych i stanowiskowych.<\/p>\n<\/li>\n<\/ul>\n<hr data-start=\"2577\" data-end=\"2580\" \/>\n<h3 data-start=\"2582\" data-end=\"2615\">Parametry techniczne (og\u00f3lne)<\/h3>\n<ul data-start=\"2617\" data-end=\"2841\">\n<li data-start=\"2617\" data-end=\"2668\">\n<p data-start=\"2619\" data-end=\"2668\">materia\u0142: guma techniczna o wysokiej odporno\u015bci<\/p>\n<\/li>\n<li data-start=\"2669\" data-end=\"2714\">\n<p data-start=\"2671\" data-end=\"2714\">przeznaczenie: krowy mleczne, opasy, byki<\/p>\n<\/li>\n<li data-start=\"2715\" data-end=\"2756\">\n<p data-start=\"2717\" data-end=\"2756\">monta\u017c: na stanowiskach legowiskowych<\/p>\n<\/li>\n<li data-start=\"2757\" data-end=\"2802\">\n<p data-start=\"2759\" data-end=\"2802\">w\u0142a\u015bciwo\u015bci: antypo\u015blizgowe, amortyzuj\u0105ce<\/p>\n<\/li>\n<li data-start=\"2803\" data-end=\"2841\">\n<p data-start=\"2805\" data-end=\"2841\">zastosowanie: budynki inwentarskie<\/p>\n<\/li>\n<\/ul>\n<p data-start=\"2843\" data-end=\"2919\"><em data-start=\"2843\" data-end=\"2919\">(Dok\u0142adne wymiary, grubo\u015b\u0107 i waga zale\u017cne od wybranego wariantu produktu.)<\/em><\/p>\n<hr data-start=\"2921\" data-end=\"2924\" \/>\n<h3 data-start=\"2926\" data-end=\"2942\">Podsumowanie<\/h3>\n<p data-start=\"2944\" data-end=\"3155\">Legowisko dla byd\u0142a to inwestycja w zdrowie i wydajno\u015b\u0107 stada. W nowoczesnej hodowli, gdzie liczy si\u0119 optymalizacja koszt\u00f3w i efektywne <strong data-start=\"3080\" data-end=\"3098\">\u017cywienie byd\u0142a<\/strong>, komfortowe warunki utrzymania s\u0105 fundamentem sukcesu.<\/p>\n<p data-start=\"3157\" data-end=\"3353\" data-is-last-node=\"\" data-is-only-node=\"\">Obok takich element\u00f3w jak poid\u0142a dla kr\u00f3w, systemy blokad paszowych czy inne elementy wyposa\u017cenia obory, wysokiej jako\u015bci mata legowiskowa stanowi niezb\u0119dny komponent profesjonalnego gospodarstwa.<\/p>\n","protected":false},"excerpt":{"rendered":"<p>Legowisko dla byd\u0142a Specjalistyczna mata przeznaczona do stanowisk legowiskowych w oborach. Produkt poprawia komfort odpoczynku zwierz\u0105t, ogranicza ryzyko uraz\u00f3w oraz<\/p>\n","protected":false},"featured_media":29180,"comment_status":"open","ping_status":"closed","template":"","meta":[],"product_brand":[],"product_cat":[78],"product_tag":[],"class_list":{"0":"post-29179","1":"product","2":"type-product","3":"status-publish","4":"has-post-thumbnail","6":"product_cat-legowiska-dla-zwierzat","8":"first","9":"instock","10":"shipping-taxable","11":"purchasable","12":"product-type-simple"},"_links":{"self":[{"href":"https:\/\/rolnik.dkonto.pl\/index.php\/wp-json\/wp\/v2\/product\/29179","targetHints":{"allow":["GET"]}}],"collection":[{"href":"https:\/\/rolnik.dkonto.pl\/index.php\/wp-json\/wp\/v2\/product"}],"about":[{"href":"https:\/\/rolnik.dkonto.pl\/index.php\/wp-json\/wp\/v2\/types\/product"}],"replies":[{"embeddable":true,"href":"https:\/\/rolnik.dkonto.pl\/index.php\/wp-json\/wp\/v2\/comments?post=29179"}],"version-history":[{"count":1,"href":"https:\/\/rolnik.dkonto.pl\/index.php\/wp-json\/wp\/v2\/product\/29179\/revisions"}],"predecessor-version":[{"id":29182,"href":"https:\/\/rolnik.dkonto.pl\/index.php\/wp-json\/wp\/v2\/product\/29179\/revisions\/29182"}],"wp:featuredmedia":[{"embeddable":true,"href":"https:\/\/rolnik.dkonto.pl\/index.php\/wp-json\/wp\/v2\/media\/29180"}],"wp:attachment":[{"href":"https:\/\/rolnik.dkonto.pl\/index.php\/wp-json\/wp\/v2\/media?parent=29179"}],"wp:term":[{"taxonomy":"product_brand","embeddable":true,"href":"https:\/\/rolnik.dkonto.pl\/index.php\/wp-json\/wp\/v2\/product_brand?post=29179"},{"taxonomy":"product_cat","embeddable":true,"href":"https:\/\/rolnik.dkonto.pl\/index.php\/wp-json\/wp\/v2\/product_cat?post=29179"},{"taxonomy":"product_tag","embeddable":true,"href":"https:\/\/rolnik.dkonto.pl\/index.php\/wp-json\/wp\/v2\/product_tag?post=29179"}],"curies":[{"name":"wp","href":"https:\/\/api.w.org\/{rel}","templated":true}]}}