{"id":29197,"date":"2026-02-12T19:29:45","date_gmt":"2026-02-12T18:29:45","guid":{"rendered":"https:\/\/rolnik.dkonto.pl\/?post_type=product&#038;p=29197"},"modified":"2026-02-12T19:30:20","modified_gmt":"2026-02-12T18:30:20","slug":"waga-dla-bydla","status":"publish","type":"product","link":"https:\/\/rolnik.dkonto.pl\/index.php\/produkt\/waga-dla-bydla\/","title":{"rendered":"Waga dla byd\u0142a"},"content":{"rendered":"<h2>Waga dla byd\u0142a<\/h2>\n<p data-start=\"79\" data-end=\"324\">Profesjonalne urz\u0105dzenie przeznaczone do precyzyjnego wa\u017cenia kr\u00f3w, opas\u00f3w i byk\u00f3w w gospodarstwach rolnych. Umo\u017cliwia kontrol\u0119 przyrost\u00f3w masy cia\u0142a, planowanie \u017cywienia oraz ocen\u0119 efektywno\u015bci produkcji.<\/p>\n<p data-start=\"326\" data-end=\"493\">To niezb\u0119dny element nowoczesnego <strong data-start=\"360\" data-end=\"388\">sprz\u0119tu do hodowli byd\u0142a<\/strong>, szczeg\u00f3lnie w gospodarstwach prowadz\u0105cych intensywne <strong data-start=\"443\" data-end=\"470\">\u017cywienie byd\u0142a mi\u0119snego<\/strong> i <strong data-start=\"473\" data-end=\"492\">\u017cywienie opas\u00f3w<\/strong>.<\/p>\n<hr data-start=\"495\" data-end=\"498\" \/>\n<h3 data-start=\"500\" data-end=\"534\">Do czego s\u0142u\u017cy waga dla byd\u0142a?<\/h3>\n<p data-start=\"536\" data-end=\"564\">Waga wykorzystywana jest do:<\/p>\n<ul data-start=\"566\" data-end=\"737\">\n<li data-start=\"566\" data-end=\"606\">\n<p data-start=\"568\" data-end=\"606\">monitorowania przyrost\u00f3w masy cia\u0142a,<\/p>\n<\/li>\n<li data-start=\"607\" data-end=\"662\">\n<p data-start=\"609\" data-end=\"662\">kontroli skuteczno\u015bci zadawanych dawek pokarmowych,<\/p>\n<\/li>\n<li data-start=\"663\" data-end=\"703\">\n<p data-start=\"665\" data-end=\"703\">przygotowania zwierz\u0105t do sprzeda\u017cy,<\/p>\n<\/li>\n<li data-start=\"704\" data-end=\"737\">\n<p data-start=\"706\" data-end=\"737\">oceny kondycji i zdrowia stada.<\/p>\n<\/li>\n<\/ul>\n<p data-start=\"739\" data-end=\"896\">Regularne wa\u017cenie pozwala precyzyjnie oceni\u0107, czy stosowane <strong data-start=\"799\" data-end=\"818\">pasze dla byd\u0142a<\/strong>, <strong data-start=\"820\" data-end=\"840\">pasze dla opas\u00f3w<\/strong> lub <strong data-start=\"845\" data-end=\"864\">pasze dla byk\u00f3w<\/strong> przynosz\u0105 oczekiwane rezultaty.<\/p>\n<hr data-start=\"898\" data-end=\"901\" \/>\n<h3 data-start=\"903\" data-end=\"945\">Dlaczego kontrola masy jest tak wa\u017cna?<\/h3>\n<p data-start=\"947\" data-end=\"1041\">W produkcji byd\u0142a mi\u0119snego masa cia\u0142a bezpo\u015brednio przek\u0142ada si\u0119 na op\u0142acalno\u015b\u0107. Dzi\u0119ki wadze:<\/p>\n<ul data-start=\"1043\" data-end=\"1210\">\n<li data-start=\"1043\" data-end=\"1087\">\n<p data-start=\"1045\" data-end=\"1087\">mo\u017cna optymalizowa\u0107 <strong data-start=\"1065\" data-end=\"1084\">karmienie byd\u0142a<\/strong>,<\/p>\n<\/li>\n<li data-start=\"1088\" data-end=\"1126\">\n<p data-start=\"1090\" data-end=\"1126\">szybciej wykry\u0107 spadek przyrost\u00f3w,<\/p>\n<\/li>\n<li data-start=\"1127\" data-end=\"1181\">\n<p data-start=\"1129\" data-end=\"1181\">dostosowa\u0107 dawk\u0119 przy <strong data-start=\"1151\" data-end=\"1178\">\u017cywieniu na sucho byd\u0142a<\/strong>,<\/p>\n<\/li>\n<li data-start=\"1182\" data-end=\"1210\">\n<p data-start=\"1184\" data-end=\"1210\">planowa\u0107 termin sprzeda\u017cy.<\/p>\n<\/li>\n<\/ul>\n<p data-start=\"1212\" data-end=\"1328\">W hodowli mlecznej kontrola masy wspiera utrzymanie prawid\u0142owej kondycji kr\u00f3w, co wp\u0142ywa na wydajno\u015b\u0107 i zdrowotno\u015b\u0107.<\/p>\n<hr data-start=\"1330\" data-end=\"1333\" \/>\n<h3 data-start=\"1335\" data-end=\"1368\">Najwa\u017cniejsze zalety produktu<\/h3>\n<p data-start=\"1370\" data-end=\"1486\"><strong data-start=\"1370\" data-end=\"1400\">1. Wysoka precyzja pomiaru<\/strong><br data-start=\"1400\" data-end=\"1403\" \/>Elektroniczny system wa\u017cenia zapewnia dok\u0142adne odczyty nawet przy ruchu zwierz\u0119cia.<\/p>\n<p data-start=\"1488\" data-end=\"1598\"><strong data-start=\"1488\" data-end=\"1514\">2. Solidna konstrukcja<\/strong><br data-start=\"1514\" data-end=\"1517\" \/>Platforma wykonana ze stali odpornej na du\u017ce obci\u0105\u017cenia i intensywne u\u017cytkowanie.<\/p>\n<p data-start=\"1600\" data-end=\"1688\"><strong data-start=\"1600\" data-end=\"1630\">3. Bezpiecze\u0144stwo zwierz\u0105t<\/strong><br data-start=\"1630\" data-end=\"1633\" \/>Antypo\u015blizgowa powierzchnia minimalizuje ryzyko uraz\u00f3w.<\/p>\n<p data-start=\"1690\" data-end=\"1824\"><strong data-start=\"1690\" data-end=\"1747\">4. Mo\u017cliwo\u015b\u0107 integracji z systemem zarz\u0105dzania stadem<\/strong><br data-start=\"1747\" data-end=\"1750\" \/>W niekt\u00f3rych modelach dost\u0119pna jest opcja zapisu danych i analizy wynik\u00f3w.<\/p>\n<hr data-start=\"1826\" data-end=\"1829\" \/>\n<h3 data-start=\"1831\" data-end=\"1872\">Znaczenie w nowoczesnym gospodarstwie<\/h3>\n<p data-start=\"1874\" data-end=\"1964\">Waga dla byd\u0142a to jeden z kluczowych element\u00f3w infrastruktury \u2013 obok takich rozwi\u0105za\u0144 jak:<\/p>\n<ul data-start=\"1966\" data-end=\"2082\">\n<li data-start=\"1966\" data-end=\"1989\">\n<p data-start=\"1968\" data-end=\"1989\">karmniki dla byd\u0142a,<\/p>\n<\/li>\n<li data-start=\"1990\" data-end=\"2029\">\n<p data-start=\"1992\" data-end=\"2029\">poid\u0142a dla byd\u0142a i poid\u0142a dla kr\u00f3w,<\/p>\n<\/li>\n<li data-start=\"2030\" data-end=\"2054\">\n<p data-start=\"2032\" data-end=\"2054\">legowiska dla byd\u0142a,<\/p>\n<\/li>\n<li data-start=\"2055\" data-end=\"2082\">\n<p data-start=\"2057\" data-end=\"2082\">systemy blokad paszowych.<\/p>\n<\/li>\n<\/ul>\n<p data-start=\"2084\" data-end=\"2195\">W po\u0142\u0105czeniu z dobrze zaplanowanym <strong data-start=\"2119\" data-end=\"2141\">wyposa\u017ceniem obory<\/strong>, pozwala tworzy\u0107 efektywny system kontroli produkcji.<\/p>\n<hr data-start=\"2197\" data-end=\"2200\" \/>\n<h3 data-start=\"2202\" data-end=\"2241\">Dla kogo przeznaczony jest produkt?<\/h3>\n<ul data-start=\"2243\" data-end=\"2514\">\n<li data-start=\"2243\" data-end=\"2278\">\n<p data-start=\"2245\" data-end=\"2278\">dla producent\u00f3w byd\u0142a mi\u0119snego,<\/p>\n<\/li>\n<li data-start=\"2279\" data-end=\"2343\">\n<p data-start=\"2281\" data-end=\"2343\">dla gospodarstw prowadz\u0105cych intensywne <strong data-start=\"2321\" data-end=\"2340\">\u017cywienie opas\u00f3w<\/strong>,<\/p>\n<\/li>\n<li data-start=\"2344\" data-end=\"2377\">\n<p data-start=\"2346\" data-end=\"2377\">dla hodowc\u00f3w byd\u0142a mlecznego,<\/p>\n<\/li>\n<li data-start=\"2378\" data-end=\"2437\">\n<p data-start=\"2380\" data-end=\"2437\">dla rolnik\u00f3w modernizuj\u0105cych system zarz\u0105dzania stadem,<\/p>\n<\/li>\n<li data-start=\"2438\" data-end=\"2514\">\n<p data-start=\"2440\" data-end=\"2514\">dla gospodarstw inwestuj\u0105cych w profesjonalny <strong data-start=\"2486\" data-end=\"2513\">sprz\u0119t do hodowli byd\u0142a<\/strong>.<\/p>\n<\/li>\n<\/ul>\n<hr data-start=\"2516\" data-end=\"2519\" \/>\n<h3 data-start=\"2521\" data-end=\"2554\">Parametry techniczne (og\u00f3lne)<\/h3>\n<ul data-start=\"2556\" data-end=\"2812\">\n<li data-start=\"2556\" data-end=\"2593\">\n<p data-start=\"2558\" data-end=\"2593\">przeznaczenie: krowy, opasy, byki<\/p>\n<\/li>\n<li data-start=\"2594\" data-end=\"2635\">\n<p data-start=\"2596\" data-end=\"2635\">konstrukcja: stalowa platforma wagowa<\/p>\n<\/li>\n<li data-start=\"2636\" data-end=\"2686\">\n<p data-start=\"2638\" data-end=\"2686\">system: elektroniczny z wy\u015bwietlaczem cyfrowym<\/p>\n<\/li>\n<li data-start=\"2687\" data-end=\"2738\">\n<p data-start=\"2689\" data-end=\"2738\">no\u015bno\u015b\u0107: dostosowana do ci\u0119\u017caru doros\u0142ego byd\u0142a<\/p>\n<\/li>\n<li data-start=\"2739\" data-end=\"2812\">\n<p data-start=\"2741\" data-end=\"2812\">zastosowanie: obory, place za\u0142adunkowe, gospodarstwa mi\u0119sne i mleczne<\/p>\n<\/li>\n<\/ul>\n<p data-start=\"2814\" data-end=\"2902\"><em data-start=\"2814\" data-end=\"2902\">(Dok\u0142adna no\u015bno\u015b\u0107, dok\u0142adno\u015b\u0107 pomiaru i wymiary platformy zale\u017c\u0105 od wybranego modelu.)<\/em><\/p>\n<hr data-start=\"2904\" data-end=\"2907\" \/>\n<h3 data-start=\"2909\" data-end=\"2925\">Podsumowanie<\/h3>\n<p data-start=\"2927\" data-end=\"3155\">Waga dla byd\u0142a to inwestycja w precyzyjne zarz\u0105dzanie produkcj\u0105. W gospodarstwach, gdzie kluczowe znaczenie ma efektywne <strong data-start=\"3048\" data-end=\"3066\">\u017cywienie byd\u0142a<\/strong> i kontrola przyrost\u00f3w, regularne wa\u017cenie stanowi podstaw\u0119 podejmowania trafnych decyzji.<\/p>\n<p data-start=\"3157\" data-end=\"3318\" data-is-last-node=\"\" data-is-only-node=\"\">W po\u0142\u0105czeniu z odpowiednimi systemami karmienia, pojenia i utrzymania zwierz\u0105t, waga tworzy nowoczesne i wydajne \u015brodowisko pracy w profesjonalnym gospodarstwie.<\/p>\n","protected":false},"excerpt":{"rendered":"<p>Waga dla byd\u0142a Profesjonalne urz\u0105dzenie przeznaczone do precyzyjnego wa\u017cenia kr\u00f3w, opas\u00f3w i byk\u00f3w w gospodarstwach rolnych. Umo\u017cliwia kontrol\u0119 przyrost\u00f3w masy<\/p>\n","protected":false},"featured_media":29198,"comment_status":"open","ping_status":"closed","template":"","meta":[],"product_brand":[],"product_cat":[81],"product_tag":[],"class_list":{"0":"post-29197","1":"product","2":"type-product","3":"status-publish","4":"has-post-thumbnail","6":"product_cat-wagi-dla-zwierzat","8":"first","9":"instock","10":"shipping-taxable","11":"purchasable","12":"product-type-simple"},"_links":{"self":[{"href":"https:\/\/rolnik.dkonto.pl\/index.php\/wp-json\/wp\/v2\/product\/29197","targetHints":{"allow":["GET"]}}],"collection":[{"href":"https:\/\/rolnik.dkonto.pl\/index.php\/wp-json\/wp\/v2\/product"}],"about":[{"href":"https:\/\/rolnik.dkonto.pl\/index.php\/wp-json\/wp\/v2\/types\/product"}],"replies":[{"embeddable":true,"href":"https:\/\/rolnik.dkonto.pl\/index.php\/wp-json\/wp\/v2\/comments?post=29197"}],"version-history":[{"count":1,"href":"https:\/\/rolnik.dkonto.pl\/index.php\/wp-json\/wp\/v2\/product\/29197\/revisions"}],"predecessor-version":[{"id":29199,"href":"https:\/\/rolnik.dkonto.pl\/index.php\/wp-json\/wp\/v2\/product\/29197\/revisions\/29199"}],"wp:featuredmedia":[{"embeddable":true,"href":"https:\/\/rolnik.dkonto.pl\/index.php\/wp-json\/wp\/v2\/media\/29198"}],"wp:attachment":[{"href":"https:\/\/rolnik.dkonto.pl\/index.php\/wp-json\/wp\/v2\/media?parent=29197"}],"wp:term":[{"taxonomy":"product_brand","embeddable":true,"href":"https:\/\/rolnik.dkonto.pl\/index.php\/wp-json\/wp\/v2\/product_brand?post=29197"},{"taxonomy":"product_cat","embeddable":true,"href":"https:\/\/rolnik.dkonto.pl\/index.php\/wp-json\/wp\/v2\/product_cat?post=29197"},{"taxonomy":"product_tag","embeddable":true,"href":"https:\/\/rolnik.dkonto.pl\/index.php\/wp-json\/wp\/v2\/product_tag?post=29197"}],"curies":[{"name":"wp","href":"https:\/\/api.w.org\/{rel}","templated":true}]}}