{"id":29200,"date":"2026-02-12T19:36:03","date_gmt":"2026-02-12T18:36:03","guid":{"rendered":"https:\/\/rolnik.dkonto.pl\/?post_type=product&#038;p=29200"},"modified":"2026-02-12T19:36:03","modified_gmt":"2026-02-12T18:36:03","slug":"waga-dla-owiec-i-koz","status":"publish","type":"product","link":"https:\/\/rolnik.dkonto.pl\/index.php\/produkt\/waga-dla-owiec-i-koz\/","title":{"rendered":"Waga dla owiec i k\u00f3z"},"content":{"rendered":"<h2>Waga dla owiec i k\u00f3z<\/h2>\n<p data-start=\"85\" data-end=\"315\">Profesjonalne urz\u0105dzenie przeznaczone do wa\u017cenia ma\u0142ych prze\u017cuwaczy w gospodarstwach rolnych. Umo\u017cliwia precyzyjn\u0105 kontrol\u0119 masy cia\u0142a, ocen\u0119 przyrost\u00f3w oraz planowanie \u017cywienia stada.<\/p>\n<p data-start=\"317\" data-end=\"463\">To wa\u017cny element infrastruktury hodowlanej \u2013 podobnie jak <strong data-start=\"375\" data-end=\"393\">wagi dla byd\u0142a<\/strong> w oborach \u2013 pozwalaj\u0105cy na \u015bwiadome zarz\u0105dzanie produkcj\u0105 i kosztami.<\/p>\n<hr data-start=\"465\" data-end=\"468\" \/>\n<h3 data-start=\"470\" data-end=\"517\">Do czego s\u0142u\u017cy waga dla ma\u0142ych prze\u017cuwaczy?<\/h3>\n<p data-start=\"519\" data-end=\"553\">Urz\u0105dzenie wykorzystywane jest do:<\/p>\n<ul data-start=\"555\" data-end=\"729\">\n<li data-start=\"555\" data-end=\"590\">\n<p data-start=\"557\" data-end=\"590\">kontroli przyrost\u00f3w masy cia\u0142a,<\/p>\n<\/li>\n<li data-start=\"591\" data-end=\"638\">\n<p data-start=\"593\" data-end=\"638\">monitorowania skuteczno\u015bci zadawanych pasz,<\/p>\n<\/li>\n<li data-start=\"639\" data-end=\"694\">\n<p data-start=\"641\" data-end=\"694\">selekcji zwierz\u0105t do sprzeda\u017cy lub dalszej hodowli,<\/p>\n<\/li>\n<li data-start=\"695\" data-end=\"729\">\n<p data-start=\"697\" data-end=\"729\">oceny kondycji zdrowotnej stada.<\/p>\n<\/li>\n<\/ul>\n<p data-start=\"731\" data-end=\"910\">Regularne wa\u017cenie pozwala optymalizowa\u0107 \u017cywienie, tak jak w przypadku <strong data-start=\"801\" data-end=\"820\">\u017cywienia opas\u00f3w<\/strong> czy <strong data-start=\"825\" data-end=\"852\">\u017cywienia byd\u0142a mi\u0119snego<\/strong> \u2013 kontrola masy jest kluczowa dla op\u0142acalno\u015bci produkcji.<\/p>\n<hr data-start=\"912\" data-end=\"915\" \/>\n<h3 data-start=\"917\" data-end=\"961\">Dlaczego kontrola wagi jest tak istotna?<\/h3>\n<p data-start=\"963\" data-end=\"1014\">Precyzyjna wiedza o masie cia\u0142a zwierz\u0105t umo\u017cliwia:<\/p>\n<ul data-start=\"1016\" data-end=\"1153\">\n<li data-start=\"1016\" data-end=\"1050\">\n<p data-start=\"1018\" data-end=\"1050\">dostosowanie dawki pokarmowej,<\/p>\n<\/li>\n<li data-start=\"1051\" data-end=\"1085\">\n<p data-start=\"1053\" data-end=\"1085\">efektywne wykorzystanie paszy,<\/p>\n<\/li>\n<li data-start=\"1086\" data-end=\"1121\">\n<p data-start=\"1088\" data-end=\"1121\">ograniczenie strat finansowych,<\/p>\n<\/li>\n<li data-start=\"1122\" data-end=\"1153\">\n<p data-start=\"1124\" data-end=\"1153\">planowanie terminu sprzeda\u017cy.<\/p>\n<\/li>\n<\/ul>\n<p data-start=\"1155\" data-end=\"1356\">W gospodarstwach, gdzie liczy si\u0119 wydajno\u015b\u0107 i kontrola koszt\u00f3w, pomiar masy jest r\u00f3wnie wa\u017cny jak odpowiednie <strong data-start=\"1265\" data-end=\"1284\">karmienie byd\u0142a<\/strong> czy stosowanie wysokiej jako\u015bci <strong data-start=\"1317\" data-end=\"1335\">pasz dla byd\u0142a<\/strong> w wi\u0119kszych stadach.<\/p>\n<hr data-start=\"1358\" data-end=\"1361\" \/>\n<h3 data-start=\"1363\" data-end=\"1396\">Najwa\u017cniejsze zalety produktu<\/h3>\n<p data-start=\"1398\" data-end=\"1518\"><strong data-start=\"1398\" data-end=\"1430\">1. Wysoka dok\u0142adno\u015b\u0107 pomiaru<\/strong><br data-start=\"1430\" data-end=\"1433\" \/>Elektroniczny system wa\u017cenia zapewnia precyzyjne odczyty nawet przy ruchu zwierz\u0119cia.<\/p>\n<p data-start=\"1520\" data-end=\"1615\"><strong data-start=\"1520\" data-end=\"1547\">2. Stabilna konstrukcja<\/strong><br data-start=\"1547\" data-end=\"1550\" \/>Solidna platforma odporna na obci\u0105\u017cenia i intensywne u\u017cytkowanie.<\/p>\n<p data-start=\"1617\" data-end=\"1739\"><strong data-start=\"1617\" data-end=\"1647\">3. Bezpiecze\u0144stwo zwierz\u0105t<\/strong><br data-start=\"1647\" data-end=\"1650\" \/>Antypo\u015blizgowa powierzchnia i ewentualna klatka zabezpieczaj\u0105ca (w zale\u017cno\u015bci od modelu).<\/p>\n<p data-start=\"1741\" data-end=\"1827\"><strong data-start=\"1741\" data-end=\"1763\">4. \u0141atwo\u015b\u0107 obs\u0142ugi<\/strong><br data-start=\"1763\" data-end=\"1766\" \/>Czytelny wy\u015bwietlacz cyfrowy umo\u017cliwia szybki odczyt wynik\u00f3w.<\/p>\n<hr data-start=\"1829\" data-end=\"1832\" \/>\n<h3 data-start=\"1834\" data-end=\"1875\">Znaczenie w nowoczesnym gospodarstwie<\/h3>\n<p data-start=\"1877\" data-end=\"1981\">Waga dla owiec i k\u00f3z to element profesjonalnego systemu zarz\u0105dzania hodowl\u0105 \u2013 obok takich rozwi\u0105za\u0144 jak:<\/p>\n<ul data-start=\"1983\" data-end=\"2162\">\n<li data-start=\"1983\" data-end=\"2046\">\n<p data-start=\"1985\" data-end=\"2046\">karmniki dla byd\u0142a (w wi\u0119kszych gospodarstwach mieszanych),<\/p>\n<\/li>\n<li data-start=\"2047\" data-end=\"2089\">\n<p data-start=\"2049\" data-end=\"2089\">poid\u0142a dla byd\u0142a i ma\u0142ych prze\u017cuwaczy,<\/p>\n<\/li>\n<li data-start=\"2090\" data-end=\"2114\">\n<p data-start=\"2092\" data-end=\"2114\">legowiska dla byd\u0142a,<\/p>\n<\/li>\n<li data-start=\"2115\" data-end=\"2162\">\n<p data-start=\"2117\" data-end=\"2162\">systemy organizuj\u0105ce \u017cywienie na sucho byd\u0142a.<\/p>\n<\/li>\n<\/ul>\n<p data-start=\"2164\" data-end=\"2298\">Dzi\u0119ki regularnej kontroli masy mo\u017cliwe jest bardziej \u015bwiadome planowanie produkcji oraz zwi\u0119kszenie efektywno\u015bci ca\u0142ego gospodarstwa.<\/p>\n<hr data-start=\"2300\" data-end=\"2303\" \/>\n<h3 data-start=\"2305\" data-end=\"2344\">Dla kogo przeznaczony jest produkt?<\/h3>\n<ul data-start=\"2346\" data-end=\"2634\">\n<li data-start=\"2346\" data-end=\"2390\">\n<p data-start=\"2348\" data-end=\"2390\">dla hodowc\u00f3w owiec mi\u0119snych i mlecznych,<\/p>\n<\/li>\n<li data-start=\"2391\" data-end=\"2412\">\n<p data-start=\"2393\" data-end=\"2412\">dla hodowc\u00f3w k\u00f3z,<\/p>\n<\/li>\n<li data-start=\"2413\" data-end=\"2461\">\n<p data-start=\"2415\" data-end=\"2461\">dla gospodarstw rodzinnych i wi\u0119kszych stad,<\/p>\n<\/li>\n<li data-start=\"2462\" data-end=\"2554\">\n<p data-start=\"2464\" data-end=\"2554\">dla rolnik\u00f3w inwestuj\u0105cych w profesjonalny sprz\u0119t do hodowli byd\u0142a i ma\u0142ych prze\u017cuwaczy,<\/p>\n<\/li>\n<li data-start=\"2555\" data-end=\"2634\">\n<p data-start=\"2557\" data-end=\"2634\">dla producent\u00f3w nastawionych na kontrol\u0119 koszt\u00f3w i maksymalizacj\u0119 przyrost\u00f3w.<\/p>\n<\/li>\n<\/ul>\n<hr data-start=\"2636\" data-end=\"2639\" \/>\n<h3 data-start=\"2641\" data-end=\"2674\">Parametry techniczne (og\u00f3lne)<\/h3>\n<ul data-start=\"2676\" data-end=\"2889\">\n<li data-start=\"2676\" data-end=\"2705\">\n<p data-start=\"2678\" data-end=\"2705\">przeznaczenie: owce, kozy<\/p>\n<\/li>\n<li data-start=\"2706\" data-end=\"2756\">\n<p data-start=\"2708\" data-end=\"2756\">system: elektroniczny z wy\u015bwietlaczem cyfrowym<\/p>\n<\/li>\n<li data-start=\"2757\" data-end=\"2798\">\n<p data-start=\"2759\" data-end=\"2798\">konstrukcja: stalowa platforma wagowa<\/p>\n<\/li>\n<li data-start=\"2799\" data-end=\"2831\">\n<p data-start=\"2801\" data-end=\"2831\">powierzchnia: antypo\u015blizgowa<\/p>\n<\/li>\n<li data-start=\"2832\" data-end=\"2889\">\n<p data-start=\"2834\" data-end=\"2889\">zastosowanie: budynki inwentarskie, place gospodarcze<\/p>\n<\/li>\n<\/ul>\n<p data-start=\"2891\" data-end=\"2979\"><em data-start=\"2891\" data-end=\"2979\">(Dok\u0142adna no\u015bno\u015b\u0107, wymiary platformy i dok\u0142adno\u015b\u0107 pomiaru zale\u017c\u0105 od wybranego modelu.)<\/em><\/p>\n<hr data-start=\"2981\" data-end=\"2984\" \/>\n<h3 data-start=\"2986\" data-end=\"3002\">Podsumowanie<\/h3>\n<p data-start=\"3004\" data-end=\"3191\">Waga dla owiec i k\u00f3z to inwestycja w precyzyjne zarz\u0105dzanie stadem. Regularne monitorowanie masy pozwala lepiej planowa\u0107 \u017cywienie, kontrolowa\u0107 przyrosty i zwi\u0119ksza\u0107 op\u0142acalno\u015b\u0107 produkcji.<\/p>\n<p data-start=\"3193\" data-end=\"3391\" data-is-last-node=\"\" data-is-only-node=\"\">W nowoczesnym gospodarstwie, gdzie liczy si\u0119 efektywno\u015b\u0107 \u2013 zar\u00f3wno przy <strong data-start=\"3265\" data-end=\"3283\">\u017cywieniu byd\u0142a<\/strong>, jak i mniejszych prze\u017cuwaczy \u2013 kontrola parametr\u00f3w produkcyjnych stanowi fundament profesjonalnej hodowli.<\/p>\n","protected":false},"excerpt":{"rendered":"<p>Waga dla owiec i k\u00f3z Profesjonalne urz\u0105dzenie przeznaczone do wa\u017cenia ma\u0142ych prze\u017cuwaczy w gospodarstwach rolnych. Umo\u017cliwia precyzyjn\u0105 kontrol\u0119 masy cia\u0142a,<\/p>\n","protected":false},"featured_media":29201,"comment_status":"open","ping_status":"closed","template":"","meta":[],"product_brand":[],"product_cat":[81],"product_tag":[],"class_list":{"0":"post-29200","1":"product","2":"type-product","3":"status-publish","4":"has-post-thumbnail","6":"product_cat-wagi-dla-zwierzat","8":"first","9":"instock","10":"shipping-taxable","11":"product-type-simple"},"_links":{"self":[{"href":"https:\/\/rolnik.dkonto.pl\/index.php\/wp-json\/wp\/v2\/product\/29200","targetHints":{"allow":["GET"]}}],"collection":[{"href":"https:\/\/rolnik.dkonto.pl\/index.php\/wp-json\/wp\/v2\/product"}],"about":[{"href":"https:\/\/rolnik.dkonto.pl\/index.php\/wp-json\/wp\/v2\/types\/product"}],"replies":[{"embeddable":true,"href":"https:\/\/rolnik.dkonto.pl\/index.php\/wp-json\/wp\/v2\/comments?post=29200"}],"version-history":[{"count":1,"href":"https:\/\/rolnik.dkonto.pl\/index.php\/wp-json\/wp\/v2\/product\/29200\/revisions"}],"predecessor-version":[{"id":29203,"href":"https:\/\/rolnik.dkonto.pl\/index.php\/wp-json\/wp\/v2\/product\/29200\/revisions\/29203"}],"wp:featuredmedia":[{"embeddable":true,"href":"https:\/\/rolnik.dkonto.pl\/index.php\/wp-json\/wp\/v2\/media\/29201"}],"wp:attachment":[{"href":"https:\/\/rolnik.dkonto.pl\/index.php\/wp-json\/wp\/v2\/media?parent=29200"}],"wp:term":[{"taxonomy":"product_brand","embeddable":true,"href":"https:\/\/rolnik.dkonto.pl\/index.php\/wp-json\/wp\/v2\/product_brand?post=29200"},{"taxonomy":"product_cat","embeddable":true,"href":"https:\/\/rolnik.dkonto.pl\/index.php\/wp-json\/wp\/v2\/product_cat?post=29200"},{"taxonomy":"product_tag","embeddable":true,"href":"https:\/\/rolnik.dkonto.pl\/index.php\/wp-json\/wp\/v2\/product_tag?post=29200"}],"curies":[{"name":"wp","href":"https:\/\/api.w.org\/{rel}","templated":true}]}}